{"id":1224,"date":"2015-02-25T00:49:53","date_gmt":"2015-02-25T00:49:53","guid":{"rendered":"http:\/\/pousadapataxo.com\/?page_id=1224"},"modified":"2020-01-25T15:59:07","modified_gmt":"2020-01-25T15:59:07","slug":"accommodation","status":"publish","type":"page","link":"https:\/\/pousadapataxo.com\/en\/gallery\/accommodation\/","title":{"rendered":"Gallery &#8211; Rooms"},"content":{"rendered":"\n[rev_slider gallery-rooms]\n<div class=\"social-icons share-icons share-row relative\" ><a href=\"whatsapp:\/\/send?text=Gallery%20%26%238211%3B%20Rooms - https:\/\/pousadapataxo.com\/en\/gallery\/accommodation\/\" data-action=\"share\/whatsapp\/share\" class=\"icon button circle is-outline tooltip whatsapp show-for-medium\" title=\"Share on WhatsApp\"><i class=\"icon-whatsapp\"><\/i><\/a><a href=\"\/\/www.facebook.com\/sharer.php?u=https:\/\/pousadapataxo.com\/en\/gallery\/accommodation\/\" data-label=\"Facebook\" onclick=\"window.open(this.href,this.title,'width=500,height=500,top=300px,left=300px');  return false;\" rel=\"noopener noreferrer nofollow\" target=\"_blank\" class=\"icon button circle is-outline tooltip facebook\" title=\"Share on Facebook\"><i class=\"icon-facebook\" ><\/i><\/a><a href=\"\/\/twitter.com\/share?url=https:\/\/pousadapataxo.com\/en\/gallery\/accommodation\/\" onclick=\"window.open(this.href,this.title,'width=500,height=500,top=300px,left=300px');  return false;\" rel=\"noopener noreferrer nofollow\" target=\"_blank\" class=\"icon button circle is-outline tooltip twitter\" title=\"Share on Twitter\"><i class=\"icon-twitter\" ><\/i><\/a><a href=\"mailto:enteryour@addresshere.com?subject=Gallery%20%26%238211%3B%20Rooms&amp;body=Check%20this%20out:%20https:\/\/pousadapataxo.com\/en\/gallery\/accommodation\/\" rel=\"nofollow\" class=\"icon button circle is-outline tooltip email\" title=\"Email to a Friend\"><i class=\"icon-envelop\" ><\/i><\/a><\/div>\n\n\n","protected":false},"excerpt":{"rendered":"\n  <div class=\"banner has-hover\" id=\"banner-1726905362\">\n          <div class=\"banner-inner fill\">\n        <div class=\"banner-bg fill\" >\n            <div class=\"bg fill bg-fill \"><\/div>\n                                    \n                    <\/div><!-- bg-layers -->\n        <div class=\"banner-layers container\">\n            <div class=\"fill banner-link\"><\/div>               <div id=\"text-box-1409294867\" class=\"text-box banner-layer x50 md-x50 lg-x50 y50 md-y50 lg-y50 res-text\">\n                     <div data-animate=\"flipInX\">           <div class=\"text dark\">\n              \n              <div class=\"text-inner text-center\">\n                  \n<h2>Gallery &#8211; Rooms<\/h2>\n              <\/div>\n           <\/div><!-- text-box-inner -->\n       <\/div>                     \n<style scope=\"scope\">\n\n#text-box-1409294867 {\n  width: 60%;\n}\n#text-box-1409294867 .text {\n  font-size: 100%;\n}\n\n\n@media (min-width:550px) {\n\n  #text-box-1409294867 {\n    width: 60%;\n  }\n\n}\n<\/style>\n    <\/div><!-- text-box -->\n         <\/div><!-- .banner-layers -->\n      <\/div><!-- .banner-inner -->\n\n            \n<style scope=\"scope\">\n\n#banner-1726905362 {\n  padding-top: 130px;\n}\n#banner-1726905362 .bg.bg-loaded {\n  background-image: url(https:\/\/pousadapataxo.com\/wp-content\/uploads\/Quartos-Banner-BG.jpg);\n}\n<\/style>\n  <\/div><!-- .banner -->\n\n\n","protected":false},"author":1,"featured_media":3009,"parent":1253,"menu_order":0,"comment_status":"closed","ping_status":"closed","template":"page-right-sidebar.php","meta":{"_acf_changed":false,"_monsterinsights_skip_tracking":false,"_monsterinsights_sitenote_active":false,"_monsterinsights_sitenote_note":"","_monsterinsights_sitenote_category":0,"_joinchat":[],"footnotes":""},"class_list":["post-1224","page","type-page","status-publish","has-post-thumbnail","hentry"],"acf":[],"yoast_head":"<!-- This site is optimized with the Yoast SEO plugin v27.4 - https:\/\/yoast.com\/product\/yoast-seo-wordpress\/ -->\n<title>Accommodation - Pousada Patax\u00f3, Ubatuba, Toninhas Beach<\/title>\n<meta name=\"description\" content=\"Images of our accommdation at Pousada Patax\u00f3, located at Toninhas Beach, Ubatuba, S\u00e3o Paulo.\" \/>\n<meta name=\"robots\" content=\"index, follow, max-snippet:-1, max-image-preview:large, max-video-preview:-1\" \/>\n<link rel=\"canonical\" href=\"https:\/\/pousadapataxo.com\/en\/gallery\/accommodation\/\" \/>\n<meta property=\"og:locale\" content=\"en_US\" \/>\n<meta property=\"og:type\" content=\"article\" \/>\n<meta property=\"og:title\" content=\"Accommodation - Pousada Patax\u00f3, Ubatuba, Toninhas Beach\" \/>\n<meta property=\"og:description\" content=\"Images of our accommdation at Pousada Patax\u00f3, located at Toninhas Beach, Ubatuba, S\u00e3o Paulo.\" \/>\n<meta property=\"og:url\" content=\"https:\/\/pousadapataxo.com\/en\/gallery\/accommodation\/\" \/>\n<meta property=\"og:site_name\" content=\"Pousada Patax\u00f3 - Toninhas Beach - Ubatuba\" \/>\n<meta property=\"article:modified_time\" content=\"2020-01-25T15:59:07+00:00\" \/>\n<meta property=\"og:image\" content=\"https:\/\/pousadapataxo.com\/wp-content\/uploads\/Pousada-Suite-Master-Superior-3.jpg\" \/>\n\t<meta property=\"og:image:width\" content=\"800\" \/>\n\t<meta property=\"og:image:height\" content=\"533\" \/>\n\t<meta property=\"og:image:type\" content=\"image\/jpeg\" \/>\n<script type=\"application\/ld+json\" class=\"yoast-schema-graph\">{\"@context\":\"https:\\\/\\\/schema.org\",\"@graph\":[{\"@type\":\"WebPage\",\"@id\":\"https:\\\/\\\/pousadapataxo.com\\\/en\\\/gallery\\\/accommodation\\\/\",\"url\":\"https:\\\/\\\/pousadapataxo.com\\\/en\\\/gallery\\\/accommodation\\\/\",\"name\":\"Accommodation - Pousada Patax\u00f3, Ubatuba, Toninhas Beach\",\"isPartOf\":{\"@id\":\"https:\\\/\\\/pousadapataxo.com\\\/#website\"},\"primaryImageOfPage\":{\"@id\":\"https:\\\/\\\/pousadapataxo.com\\\/en\\\/gallery\\\/accommodation\\\/#primaryimage\"},\"image\":{\"@id\":\"https:\\\/\\\/pousadapataxo.com\\\/en\\\/gallery\\\/accommodation\\\/#primaryimage\"},\"thumbnailUrl\":\"https:\\\/\\\/pousadapataxo.com\\\/wp-content\\\/uploads\\\/Pousada-Suite-Master-Superior-3.jpg\",\"datePublished\":\"2015-02-25T00:49:53+00:00\",\"dateModified\":\"2020-01-25T15:59:07+00:00\",\"description\":\"Images of our accommdation at Pousada Patax\u00f3, located at Toninhas Beach, Ubatuba, S\u00e3o Paulo.\",\"breadcrumb\":{\"@id\":\"https:\\\/\\\/pousadapataxo.com\\\/en\\\/gallery\\\/accommodation\\\/#breadcrumb\"},\"inLanguage\":\"en-US\",\"potentialAction\":[{\"@type\":\"ReadAction\",\"target\":[\"https:\\\/\\\/pousadapataxo.com\\\/en\\\/gallery\\\/accommodation\\\/\"]}]},{\"@type\":\"ImageObject\",\"inLanguage\":\"en-US\",\"@id\":\"https:\\\/\\\/pousadapataxo.com\\\/en\\\/gallery\\\/accommodation\\\/#primaryimage\",\"url\":\"https:\\\/\\\/pousadapataxo.com\\\/wp-content\\\/uploads\\\/Pousada-Suite-Master-Superior-3.jpg\",\"contentUrl\":\"https:\\\/\\\/pousadapataxo.com\\\/wp-content\\\/uploads\\\/Pousada-Suite-Master-Superior-3.jpg\",\"width\":800,\"height\":533,\"caption\":\"Pousada Pataxo Ubatuba Toninhas - Suite Master Superior\"},{\"@type\":\"BreadcrumbList\",\"@id\":\"https:\\\/\\\/pousadapataxo.com\\\/en\\\/gallery\\\/accommodation\\\/#breadcrumb\",\"itemListElement\":[{\"@type\":\"ListItem\",\"position\":1,\"name\":\"Home\",\"item\":\"https:\\\/\\\/pousadapataxo.com\\\/en\\\/\"},{\"@type\":\"ListItem\",\"position\":2,\"name\":\"Gallery\",\"item\":\"https:\\\/\\\/pousadapataxo.com\\\/en\\\/gallery\\\/\"},{\"@type\":\"ListItem\",\"position\":3,\"name\":\"Gallery &#8211; Rooms\"}]},{\"@type\":\"WebSite\",\"@id\":\"https:\\\/\\\/pousadapataxo.com\\\/#website\",\"url\":\"https:\\\/\\\/pousadapataxo.com\\\/\",\"name\":\"Pousada Patax\u00f3 - Toninhas Beach - Ubatuba\",\"description\":\"Guesthouse in Ubatuba at Toninhas Beach\",\"potentialAction\":[{\"@type\":\"SearchAction\",\"target\":{\"@type\":\"EntryPoint\",\"urlTemplate\":\"https:\\\/\\\/pousadapataxo.com\\\/?s={search_term_string}\"},\"query-input\":{\"@type\":\"PropertyValueSpecification\",\"valueRequired\":true,\"valueName\":\"search_term_string\"}}],\"inLanguage\":\"en-US\"}]}<\/script>\n<!-- \/ Yoast SEO plugin. -->","yoast_head_json":{"title":"Accommodation - Pousada Patax\u00f3, Ubatuba, Toninhas Beach","description":"Images of our accommdation at Pousada Patax\u00f3, located at Toninhas Beach, Ubatuba, S\u00e3o Paulo.","robots":{"index":"index","follow":"follow","max-snippet":"max-snippet:-1","max-image-preview":"max-image-preview:large","max-video-preview":"max-video-preview:-1"},"canonical":"https:\/\/pousadapataxo.com\/en\/gallery\/accommodation\/","og_locale":"en_US","og_type":"article","og_title":"Accommodation - Pousada Patax\u00f3, Ubatuba, Toninhas Beach","og_description":"Images of our accommdation at Pousada Patax\u00f3, located at Toninhas Beach, Ubatuba, S\u00e3o Paulo.","og_url":"https:\/\/pousadapataxo.com\/en\/gallery\/accommodation\/","og_site_name":"Pousada Patax\u00f3 - Toninhas Beach - Ubatuba","article_modified_time":"2020-01-25T15:59:07+00:00","og_image":[{"width":800,"height":533,"url":"https:\/\/pousadapataxo.com\/wp-content\/uploads\/Pousada-Suite-Master-Superior-3.jpg","type":"image\/jpeg"}],"schema":{"@context":"https:\/\/schema.org","@graph":[{"@type":"WebPage","@id":"https:\/\/pousadapataxo.com\/en\/gallery\/accommodation\/","url":"https:\/\/pousadapataxo.com\/en\/gallery\/accommodation\/","name":"Accommodation - Pousada Patax\u00f3, Ubatuba, Toninhas Beach","isPartOf":{"@id":"https:\/\/pousadapataxo.com\/#website"},"primaryImageOfPage":{"@id":"https:\/\/pousadapataxo.com\/en\/gallery\/accommodation\/#primaryimage"},"image":{"@id":"https:\/\/pousadapataxo.com\/en\/gallery\/accommodation\/#primaryimage"},"thumbnailUrl":"https:\/\/pousadapataxo.com\/wp-content\/uploads\/Pousada-Suite-Master-Superior-3.jpg","datePublished":"2015-02-25T00:49:53+00:00","dateModified":"2020-01-25T15:59:07+00:00","description":"Images of our accommdation at Pousada Patax\u00f3, located at Toninhas Beach, Ubatuba, S\u00e3o Paulo.","breadcrumb":{"@id":"https:\/\/pousadapataxo.com\/en\/gallery\/accommodation\/#breadcrumb"},"inLanguage":"en-US","potentialAction":[{"@type":"ReadAction","target":["https:\/\/pousadapataxo.com\/en\/gallery\/accommodation\/"]}]},{"@type":"ImageObject","inLanguage":"en-US","@id":"https:\/\/pousadapataxo.com\/en\/gallery\/accommodation\/#primaryimage","url":"https:\/\/pousadapataxo.com\/wp-content\/uploads\/Pousada-Suite-Master-Superior-3.jpg","contentUrl":"https:\/\/pousadapataxo.com\/wp-content\/uploads\/Pousada-Suite-Master-Superior-3.jpg","width":800,"height":533,"caption":"Pousada Pataxo Ubatuba Toninhas - Suite Master Superior"},{"@type":"BreadcrumbList","@id":"https:\/\/pousadapataxo.com\/en\/gallery\/accommodation\/#breadcrumb","itemListElement":[{"@type":"ListItem","position":1,"name":"Home","item":"https:\/\/pousadapataxo.com\/en\/"},{"@type":"ListItem","position":2,"name":"Gallery","item":"https:\/\/pousadapataxo.com\/en\/gallery\/"},{"@type":"ListItem","position":3,"name":"Gallery &#8211; Rooms"}]},{"@type":"WebSite","@id":"https:\/\/pousadapataxo.com\/#website","url":"https:\/\/pousadapataxo.com\/","name":"Pousada Patax\u00f3 - Toninhas Beach - Ubatuba","description":"Guesthouse in Ubatuba at Toninhas Beach","potentialAction":[{"@type":"SearchAction","target":{"@type":"EntryPoint","urlTemplate":"https:\/\/pousadapataxo.com\/?s={search_term_string}"},"query-input":{"@type":"PropertyValueSpecification","valueRequired":true,"valueName":"search_term_string"}}],"inLanguage":"en-US"}]}},"_links":{"self":[{"href":"https:\/\/pousadapataxo.com\/en\/wp-json\/wp\/v2\/pages\/1224","targetHints":{"allow":["GET"]}}],"collection":[{"href":"https:\/\/pousadapataxo.com\/en\/wp-json\/wp\/v2\/pages"}],"about":[{"href":"https:\/\/pousadapataxo.com\/en\/wp-json\/wp\/v2\/types\/page"}],"author":[{"embeddable":true,"href":"https:\/\/pousadapataxo.com\/en\/wp-json\/wp\/v2\/users\/1"}],"replies":[{"embeddable":true,"href":"https:\/\/pousadapataxo.com\/en\/wp-json\/wp\/v2\/comments?post=1224"}],"version-history":[{"count":6,"href":"https:\/\/pousadapataxo.com\/en\/wp-json\/wp\/v2\/pages\/1224\/revisions"}],"predecessor-version":[{"id":3500,"href":"https:\/\/pousadapataxo.com\/en\/wp-json\/wp\/v2\/pages\/1224\/revisions\/3500"}],"up":[{"embeddable":true,"href":"https:\/\/pousadapataxo.com\/en\/wp-json\/wp\/v2\/pages\/1253"}],"wp:featuredmedia":[{"embeddable":true,"href":"https:\/\/pousadapataxo.com\/en\/wp-json\/wp\/v2\/media\/3009"}],"wp:attachment":[{"href":"https:\/\/pousadapataxo.com\/en\/wp-json\/wp\/v2\/media?parent=1224"}],"curies":[{"name":"wp","href":"https:\/\/api.w.org\/{rel}","templated":true}]}}