{"id":618,"date":"2015-02-17T17:04:29","date_gmt":"2015-02-17T17:04:29","guid":{"rendered":"http:\/\/pousadapataxo.com\/?page_id=618"},"modified":"2020-01-25T02:39:00","modified_gmt":"2020-01-25T02:39:00","slug":"ubatuba","status":"publish","type":"page","link":"https:\/\/pousadapataxo.com\/en\/ubatuba\/","title":{"rendered":"Ubatuba"},"content":{"rendered":"\n<p>Located on the north coast of S\u00e3o Paulo, Ubatuba occupies one of the most beautiful coastal regions of Brazil. Surrounded by the lush Atlantic forest, almost 83% of Ubatuba&#8217;s territory is in areas of conservation, forming the famous National park of Serra do Mar (Sea Mountains).<\/p>\n[rev_slider ubatuba]\n<p>The municipality has more than 100 beaches spread along the 100km of coastline, some with easy access and others wild and deserted which you can only reach by hiking trail or boat. <a href=\"https:\/\/pousadapataxo.com\/en\/ubatuba\/waterfalls\/\" title=\"Waterfalls\">Waterfalls<\/a> and <a href=\"https:\/\/pousadapataxo.com\/en\/ubatuba\/anchieta-island\/\" title=\"Anchieta Island\">islands <\/a>complement the region&#8217;s scenery, creating an unmissable destination for all tourists regardless of what you may be searching for.<\/p>\n<p>The Pousada Patax\u00f3 team knows the region thoroughly and loves discovering new beaches and attractions. Our further passion is to share our knowledge with our guests, giving advice and suggestions for excursions.<\/p>\n<p>You can find more information about Ubatuba&#8217;s attractions at <a href=\"http:\/\/www.ubatuba.com.br\" title=\"Ubatuba\" target=\"_blank\" rel=\"noopener noreferrer\">www.ubatuba.com.br<\/a> and <a href=\"http:\/\/www.conhecaubatuba.com.br\" target=\"_blank\" title=\"Conheca Ubatuba\" rel=\"noopener noreferrer\">www.conhecaubatuba.com.br<\/a><\/p>\n<div class=\"social-icons share-icons share-row relative\" ><a href=\"whatsapp:\/\/send?text=Ubatuba - https:\/\/pousadapataxo.com\/en\/ubatuba\/\" data-action=\"share\/whatsapp\/share\" class=\"icon button circle is-outline tooltip whatsapp show-for-medium\" title=\"Share on WhatsApp\"><i class=\"icon-whatsapp\"><\/i><\/a><a href=\"\/\/www.facebook.com\/sharer.php?u=https:\/\/pousadapataxo.com\/en\/ubatuba\/\" data-label=\"Facebook\" onclick=\"window.open(this.href,this.title,'width=500,height=500,top=300px,left=300px');  return false;\" rel=\"noopener noreferrer nofollow\" target=\"_blank\" class=\"icon button circle is-outline tooltip facebook\" title=\"Share on Facebook\"><i class=\"icon-facebook\" ><\/i><\/a><a href=\"\/\/twitter.com\/share?url=https:\/\/pousadapataxo.com\/en\/ubatuba\/\" onclick=\"window.open(this.href,this.title,'width=500,height=500,top=300px,left=300px');  return false;\" rel=\"noopener noreferrer nofollow\" target=\"_blank\" class=\"icon button circle is-outline tooltip twitter\" title=\"Share on Twitter\"><i class=\"icon-twitter\" ><\/i><\/a><a href=\"mailto:enteryour@addresshere.com?subject=Ubatuba&amp;body=Check%20this%20out:%20https:\/\/pousadapataxo.com\/en\/ubatuba\/\" rel=\"nofollow\" class=\"icon button circle is-outline tooltip email\" title=\"Email to a Friend\"><i class=\"icon-envelop\" ><\/i><\/a><\/div>\n\n\n","protected":false},"excerpt":{"rendered":"\n  <div class=\"banner has-hover\" id=\"banner-2115514081\">\n          <div class=\"banner-inner fill\">\n        <div class=\"banner-bg fill\" >\n            <div class=\"bg fill bg-fill \"><\/div>\n                                    \n                    <\/div><!-- bg-layers -->\n        <div class=\"banner-layers container\">\n            <div class=\"fill banner-link\"><\/div>               <div id=\"text-box-1999544508\" class=\"text-box banner-layer x50 md-x50 lg-x50 y50 md-y50 lg-y50 res-text\">\n                     <div data-animate=\"flipInX\">           <div class=\"text dark\">\n              \n              <div class=\"text-inner text-center\">\n                  \n<h2>Ubatuba<\/h2>\n              <\/div>\n           <\/div><!-- text-box-inner -->\n       <\/div>                     \n<style scope=\"scope\">\n\n#text-box-1999544508 {\n  width: 60%;\n}\n#text-box-1999544508 .text {\n  font-size: 100%;\n}\n\n\n@media (min-width:550px) {\n\n  #text-box-1999544508 {\n    width: 60%;\n  }\n\n}\n<\/style>\n    <\/div><!-- text-box -->\n         <\/div><!-- .banner-layers -->\n      <\/div><!-- .banner-inner -->\n\n            \n<style scope=\"scope\">\n\n#banner-2115514081 {\n  padding-top: 130px;\n}\n#banner-2115514081 .bg.bg-loaded {\n  background-image: url(https:\/\/pousadapataxo.com\/wp-content\/uploads\/Ubatuba-Banner-BG.jpg);\n}\n<\/style>\n  <\/div><!-- .banner -->\n\n\n","protected":false},"author":1,"featured_media":871,"parent":0,"menu_order":0,"comment_status":"closed","ping_status":"open","template":"page-right-sidebar.php","meta":{"_acf_changed":false,"_monsterinsights_skip_tracking":false,"_monsterinsights_sitenote_active":false,"_monsterinsights_sitenote_note":"","_monsterinsights_sitenote_category":0,"_joinchat":[],"footnotes":""},"class_list":["post-618","page","type-page","status-publish","has-post-thumbnail","hentry"],"acf":[],"yoast_head":"<!-- This site is optimized with the Yoast SEO plugin v27.4 - https:\/\/yoast.com\/product\/yoast-seo-wordpress\/ -->\n<title>Ubatuba - Pousada Patax\u00f3, Toninhas Beach, S\u00e3o Paulo, Brazil<\/title>\n<meta name=\"description\" content=\"Located on the north coast of S\u00e3o Paulo and surrounded by the lush Atlantic forest, Ubatuba occupies one of the most beautiful coastal regions of Brazil.\" \/>\n<meta name=\"robots\" content=\"index, follow, max-snippet:-1, max-image-preview:large, max-video-preview:-1\" \/>\n<link rel=\"canonical\" href=\"https:\/\/pousadapataxo.com\/en\/ubatuba\/\" \/>\n<meta property=\"og:locale\" content=\"en_US\" \/>\n<meta property=\"og:type\" content=\"article\" \/>\n<meta property=\"og:title\" content=\"Ubatuba - Pousada Patax\u00f3, Toninhas Beach, S\u00e3o Paulo, Brazil\" \/>\n<meta property=\"og:description\" content=\"Located on the north coast of S\u00e3o Paulo and surrounded by the lush Atlantic forest, Ubatuba occupies one of the most beautiful coastal regions of Brazil.\" \/>\n<meta property=\"og:url\" content=\"https:\/\/pousadapataxo.com\/en\/ubatuba\/\" \/>\n<meta property=\"og:site_name\" content=\"Pousada Patax\u00f3 - Toninhas Beach - Ubatuba\" \/>\n<meta property=\"article:modified_time\" content=\"2020-01-25T02:39:00+00:00\" \/>\n<meta property=\"og:image\" content=\"https:\/\/pousadapataxo.com\/wp-content\/uploads\/Prumirim-Ubatuba-Sao-Paulo.jpg\" \/>\n\t<meta property=\"og:image:width\" content=\"816\" \/>\n\t<meta property=\"og:image:height\" content=\"400\" \/>\n\t<meta property=\"og:image:type\" content=\"image\/jpeg\" \/>\n<meta name=\"twitter:label1\" content=\"Est. reading time\" \/>\n\t<meta name=\"twitter:data1\" content=\"1 minute\" \/>\n<script type=\"application\/ld+json\" class=\"yoast-schema-graph\">{\"@context\":\"https:\\\/\\\/schema.org\",\"@graph\":[{\"@type\":\"WebPage\",\"@id\":\"https:\\\/\\\/pousadapataxo.com\\\/en\\\/ubatuba\\\/\",\"url\":\"https:\\\/\\\/pousadapataxo.com\\\/en\\\/ubatuba\\\/\",\"name\":\"Ubatuba - Pousada Patax\u00f3, Toninhas Beach, S\u00e3o Paulo, Brazil\",\"isPartOf\":{\"@id\":\"https:\\\/\\\/pousadapataxo.com\\\/#website\"},\"primaryImageOfPage\":{\"@id\":\"https:\\\/\\\/pousadapataxo.com\\\/en\\\/ubatuba\\\/#primaryimage\"},\"image\":{\"@id\":\"https:\\\/\\\/pousadapataxo.com\\\/en\\\/ubatuba\\\/#primaryimage\"},\"thumbnailUrl\":\"https:\\\/\\\/pousadapataxo.com\\\/wp-content\\\/uploads\\\/Prumirim-Ubatuba-Sao-Paulo.jpg\",\"datePublished\":\"2015-02-17T17:04:29+00:00\",\"dateModified\":\"2020-01-25T02:39:00+00:00\",\"description\":\"Located on the north coast of S\u00e3o Paulo and surrounded by the lush Atlantic forest, Ubatuba occupies one of the most beautiful coastal regions of Brazil.\",\"breadcrumb\":{\"@id\":\"https:\\\/\\\/pousadapataxo.com\\\/en\\\/ubatuba\\\/#breadcrumb\"},\"inLanguage\":\"en-US\",\"potentialAction\":[{\"@type\":\"ReadAction\",\"target\":[\"https:\\\/\\\/pousadapataxo.com\\\/en\\\/ubatuba\\\/\"]}]},{\"@type\":\"ImageObject\",\"inLanguage\":\"en-US\",\"@id\":\"https:\\\/\\\/pousadapataxo.com\\\/en\\\/ubatuba\\\/#primaryimage\",\"url\":\"https:\\\/\\\/pousadapataxo.com\\\/wp-content\\\/uploads\\\/Prumirim-Ubatuba-Sao-Paulo.jpg\",\"contentUrl\":\"https:\\\/\\\/pousadapataxo.com\\\/wp-content\\\/uploads\\\/Prumirim-Ubatuba-Sao-Paulo.jpg\",\"width\":816,\"height\":400,\"caption\":\"Prumirim-Ubatuba-Sao-Paulo\"},{\"@type\":\"BreadcrumbList\",\"@id\":\"https:\\\/\\\/pousadapataxo.com\\\/en\\\/ubatuba\\\/#breadcrumb\",\"itemListElement\":[{\"@type\":\"ListItem\",\"position\":1,\"name\":\"Home\",\"item\":\"https:\\\/\\\/pousadapataxo.com\\\/en\\\/\"},{\"@type\":\"ListItem\",\"position\":2,\"name\":\"Ubatuba\"}]},{\"@type\":\"WebSite\",\"@id\":\"https:\\\/\\\/pousadapataxo.com\\\/#website\",\"url\":\"https:\\\/\\\/pousadapataxo.com\\\/\",\"name\":\"Pousada Patax\u00f3 - Toninhas Beach - Ubatuba\",\"description\":\"Guesthouse in Ubatuba at Toninhas Beach\",\"potentialAction\":[{\"@type\":\"SearchAction\",\"target\":{\"@type\":\"EntryPoint\",\"urlTemplate\":\"https:\\\/\\\/pousadapataxo.com\\\/?s={search_term_string}\"},\"query-input\":{\"@type\":\"PropertyValueSpecification\",\"valueRequired\":true,\"valueName\":\"search_term_string\"}}],\"inLanguage\":\"en-US\"}]}<\/script>\n<!-- \/ Yoast SEO plugin. -->","yoast_head_json":{"title":"Ubatuba - Pousada Patax\u00f3, Toninhas Beach, S\u00e3o Paulo, Brazil","description":"Located on the north coast of S\u00e3o Paulo and surrounded by the lush Atlantic forest, Ubatuba occupies one of the most beautiful coastal regions of Brazil.","robots":{"index":"index","follow":"follow","max-snippet":"max-snippet:-1","max-image-preview":"max-image-preview:large","max-video-preview":"max-video-preview:-1"},"canonical":"https:\/\/pousadapataxo.com\/en\/ubatuba\/","og_locale":"en_US","og_type":"article","og_title":"Ubatuba - Pousada Patax\u00f3, Toninhas Beach, S\u00e3o Paulo, Brazil","og_description":"Located on the north coast of S\u00e3o Paulo and surrounded by the lush Atlantic forest, Ubatuba occupies one of the most beautiful coastal regions of Brazil.","og_url":"https:\/\/pousadapataxo.com\/en\/ubatuba\/","og_site_name":"Pousada Patax\u00f3 - Toninhas Beach - Ubatuba","article_modified_time":"2020-01-25T02:39:00+00:00","og_image":[{"width":816,"height":400,"url":"https:\/\/pousadapataxo.com\/wp-content\/uploads\/Prumirim-Ubatuba-Sao-Paulo.jpg","type":"image\/jpeg"}],"twitter_misc":{"Est. reading time":"1 minute"},"schema":{"@context":"https:\/\/schema.org","@graph":[{"@type":"WebPage","@id":"https:\/\/pousadapataxo.com\/en\/ubatuba\/","url":"https:\/\/pousadapataxo.com\/en\/ubatuba\/","name":"Ubatuba - Pousada Patax\u00f3, Toninhas Beach, S\u00e3o Paulo, Brazil","isPartOf":{"@id":"https:\/\/pousadapataxo.com\/#website"},"primaryImageOfPage":{"@id":"https:\/\/pousadapataxo.com\/en\/ubatuba\/#primaryimage"},"image":{"@id":"https:\/\/pousadapataxo.com\/en\/ubatuba\/#primaryimage"},"thumbnailUrl":"https:\/\/pousadapataxo.com\/wp-content\/uploads\/Prumirim-Ubatuba-Sao-Paulo.jpg","datePublished":"2015-02-17T17:04:29+00:00","dateModified":"2020-01-25T02:39:00+00:00","description":"Located on the north coast of S\u00e3o Paulo and surrounded by the lush Atlantic forest, Ubatuba occupies one of the most beautiful coastal regions of Brazil.","breadcrumb":{"@id":"https:\/\/pousadapataxo.com\/en\/ubatuba\/#breadcrumb"},"inLanguage":"en-US","potentialAction":[{"@type":"ReadAction","target":["https:\/\/pousadapataxo.com\/en\/ubatuba\/"]}]},{"@type":"ImageObject","inLanguage":"en-US","@id":"https:\/\/pousadapataxo.com\/en\/ubatuba\/#primaryimage","url":"https:\/\/pousadapataxo.com\/wp-content\/uploads\/Prumirim-Ubatuba-Sao-Paulo.jpg","contentUrl":"https:\/\/pousadapataxo.com\/wp-content\/uploads\/Prumirim-Ubatuba-Sao-Paulo.jpg","width":816,"height":400,"caption":"Prumirim-Ubatuba-Sao-Paulo"},{"@type":"BreadcrumbList","@id":"https:\/\/pousadapataxo.com\/en\/ubatuba\/#breadcrumb","itemListElement":[{"@type":"ListItem","position":1,"name":"Home","item":"https:\/\/pousadapataxo.com\/en\/"},{"@type":"ListItem","position":2,"name":"Ubatuba"}]},{"@type":"WebSite","@id":"https:\/\/pousadapataxo.com\/#website","url":"https:\/\/pousadapataxo.com\/","name":"Pousada Patax\u00f3 - Toninhas Beach - Ubatuba","description":"Guesthouse in Ubatuba at Toninhas Beach","potentialAction":[{"@type":"SearchAction","target":{"@type":"EntryPoint","urlTemplate":"https:\/\/pousadapataxo.com\/?s={search_term_string}"},"query-input":{"@type":"PropertyValueSpecification","valueRequired":true,"valueName":"search_term_string"}}],"inLanguage":"en-US"}]}},"_links":{"self":[{"href":"https:\/\/pousadapataxo.com\/en\/wp-json\/wp\/v2\/pages\/618","targetHints":{"allow":["GET"]}}],"collection":[{"href":"https:\/\/pousadapataxo.com\/en\/wp-json\/wp\/v2\/pages"}],"about":[{"href":"https:\/\/pousadapataxo.com\/en\/wp-json\/wp\/v2\/types\/page"}],"author":[{"embeddable":true,"href":"https:\/\/pousadapataxo.com\/en\/wp-json\/wp\/v2\/users\/1"}],"replies":[{"embeddable":true,"href":"https:\/\/pousadapataxo.com\/en\/wp-json\/wp\/v2\/comments?post=618"}],"version-history":[{"count":12,"href":"https:\/\/pousadapataxo.com\/en\/wp-json\/wp\/v2\/pages\/618\/revisions"}],"predecessor-version":[{"id":3449,"href":"https:\/\/pousadapataxo.com\/en\/wp-json\/wp\/v2\/pages\/618\/revisions\/3449"}],"wp:featuredmedia":[{"embeddable":true,"href":"https:\/\/pousadapataxo.com\/en\/wp-json\/wp\/v2\/media\/871"}],"wp:attachment":[{"href":"https:\/\/pousadapataxo.com\/en\/wp-json\/wp\/v2\/media?parent=618"}],"curies":[{"name":"wp","href":"https:\/\/api.w.org\/{rel}","templated":true}]}}